{"id":1097,"date":"2024-11-14T11:27:20","date_gmt":"2024-11-14T10:27:20","guid":{"rendered":"https:\/\/lehrpfad.umwelt-campus.de\/hoppstaedten-weiersbach\/"},"modified":"2025-09-10T08:20:49","modified_gmt":"2025-09-10T06:20:49","slug":"hoppstaedten-weiersbach","status":"publish","type":"page","link":"https:\/\/lehrpfad.umwelt-campus.de\/en\/hoppstaedten-weiersbach\/","title":{"rendered":"Hoppst\u00e4dten-Weiersbach"},"content":{"rendered":"\n<div class=\"wp-block-uagb-container uagb-block-ddf63a6a alignfull uagb-is-root-container\"><div class=\"uagb-container-inner-blocks-wrap\">\n<div class=\"wp-block-uagb-container uagb-block-d71b3bf5\">\n<h2 class=\"wp-block-heading\">Living \u2013 Studying \u2013 Working<\/h2>\n\n\n\n<figure class=\"wp-block-audio\"><audio controls src=\"https:\/\/lehrpfad.umwelt-campus.de\/wp-content\/uploads\/2025\/09\/221_1_eng.mp3\"><\/audio><\/figure>\n\n\n\n<p>The municipality of Hoppst\u00e4dten-Weiersbach comprises three districts: Hoppst\u00e4dten, Weiersbach with Bleiderdingen, and Neubr\u00fccke. Located in the Nahe Valley on the edge of the Hunsr\u00fcck-Hochwald National Park, it offers numerous recreational opportunities in the picturesque and nature-oriented landscape of the Upper Nahe Highlands. These include exploring the Water Experience Trail (Gew\u00e4sser-Erlebnis-Pfad) of the Upper Nahe or hiking along the Nahe Trail (Nahesteig).<\/p>\n\n\n\n<p>The municipality has evolved from a community historically characterised by agriculture and craft smanship into a modern hub for commerce, industry, and higher education. Hoppst\u00e4dten-Weiersbach boasts excellent transportation links, including the Neubr\u00fccke regional train station with a park-and-ride facility and a solar carport with charging stations, as well as the first highway connection in the Birkenfeld district.<\/p>\n\n\n\n<p>Additionally, Hoppst\u00e4dten-Weiersbach was an early adopter of renewable energy sources such as wind power, photovoltaics, and district heating from biomass. By integrating aspects of \u201eliving, studying, working\u201c, and leveraging its strong infrastructure, the municipality offers a high quality of life for both young and older residents alike.<\/p>\n\n\n\n<figure data-wp-context=\"{&quot;imageId&quot;:&quot;69e8f2207324c&quot;}\" data-wp-interactive=\"core\/image\" data-wp-key=\"69e8f2207324c\" class=\"wp-block-image size-large wp-lightbox-container\"><img loading=\"lazy\" decoding=\"async\" width=\"1024\" height=\"319\" data-wp-class--hide=\"state.isContentHidden\" data-wp-class--show=\"state.isContentVisible\" data-wp-init=\"callbacks.setButtonStyles\" data-wp-on--click=\"actions.showLightbox\" data-wp-on--load=\"callbacks.setButtonStyles\" data-wp-on-window--resize=\"callbacks.setButtonStyles\" src=\"https:\/\/lehrpfad.umwelt-campus.de\/wp-content\/uploads\/2025\/08\/221_grafik-1024x319.webp\" alt=\"\" class=\"wp-image-501\" style=\"box-shadow:none\" srcset=\"https:\/\/lehrpfad.umwelt-campus.de\/wp-content\/uploads\/2025\/08\/221_grafik-1024x319.webp 1024w, https:\/\/lehrpfad.umwelt-campus.de\/wp-content\/uploads\/2025\/08\/221_grafik-300x93.webp 300w, https:\/\/lehrpfad.umwelt-campus.de\/wp-content\/uploads\/2025\/08\/221_grafik-768x239.webp 768w, https:\/\/lehrpfad.umwelt-campus.de\/wp-content\/uploads\/2025\/08\/221_grafik-1536x478.webp 1536w, https:\/\/lehrpfad.umwelt-campus.de\/wp-content\/uploads\/2025\/08\/221_grafik-2048x637.webp 2048w\" sizes=\"auto, (max-width: 1024px) 100vw, 1024px\" \/><button\n\t\t\tclass=\"lightbox-trigger\"\n\t\t\ttype=\"button\"\n\t\t\taria-haspopup=\"dialog\"\n\t\t\taria-label=\"Enlarge\"\n\t\t\tdata-wp-init=\"callbacks.initTriggerButton\"\n\t\t\tdata-wp-on--click=\"actions.showLightbox\"\n\t\t\tdata-wp-style--right=\"state.imageButtonRight\"\n\t\t\tdata-wp-style--top=\"state.imageButtonTop\"\n\t\t>\n\t\t\t<svg xmlns=\"http:\/\/www.w3.org\/2000\/svg\" width=\"12\" height=\"12\" fill=\"none\" viewBox=\"0 0 12 12\">\n\t\t\t\t<path fill=\"#fff\" d=\"M2 0a2 2 0 0 0-2 2v2h1.5V2a.5.5 0 0 1 .5-.5h2V0H2Zm2 10.5H2a.5.5 0 0 1-.5-.5V8H0v2a2 2 0 0 0 2 2h2v-1.5ZM8 12v-1.5h2a.5.5 0 0 0 .5-.5V8H12v2a2 2 0 0 1-2 2H8Zm2-12a2 2 0 0 1 2 2v2h-1.5V2a.5.5 0 0 0-.5-.5H8V0h2Z\" \/>\n\t\t\t<\/svg>\n\t\t<\/button><\/figure>\n\n\n\n<h3 class=\"wp-block-heading\" style=\"margin-top:0;margin-bottom:0\">Nature and environmental technology trail around the Environmental Campus Birkenfeld<\/h3>\n\n\n\n<p style=\"margin-top:0;margin-bottom:0\">The first section leads along the \u201eZero Emission Campus\u201c with many interesting technical and natural-related aspects on climate, biotope and species protection.<\/p>\n\n\n\n<h3 class=\"wp-block-heading\" style=\"margin-top:0;margin-bottom:0\">Section B:<\/h3>\n\n\n\n<p style=\"margin-top:0;margin-bottom:0\">The second section leads along the idyllic cycle path to Birkenfeld and conveys interesting facts about regional features in nature.<\/p>\n\n\n\n<figure class=\"wp-block-audio\"><audio controls src=\"https:\/\/lehrpfad.umwelt-campus.de\/wp-content\/uploads\/2025\/09\/221_2_eng.mp3\"><\/audio><\/figure>\n\n\n\n<div class=\"wp-block-media-text is-stacked-on-mobile\" style=\"grid-template-columns:33% auto\"><figure class=\"wp-block-media-text__media\"><img loading=\"lazy\" decoding=\"async\" width=\"655\" height=\"655\" src=\"https:\/\/lehrpfad.umwelt-campus.de\/wp-content\/uploads\/2025\/08\/221_1.png\" alt=\"\" class=\"wp-image-504 size-full\" srcset=\"https:\/\/lehrpfad.umwelt-campus.de\/wp-content\/uploads\/2025\/08\/221_1.png 655w, https:\/\/lehrpfad.umwelt-campus.de\/wp-content\/uploads\/2025\/08\/221_1-300x300.png 300w, https:\/\/lehrpfad.umwelt-campus.de\/wp-content\/uploads\/2025\/08\/221_1-150x150.png 150w\" sizes=\"auto, (max-width: 655px) 100vw, 655px\" \/><\/figure><div class=\"wp-block-media-text__content\">\n<p><strong>University location\r\nEnvironmental Campus Birkenfeld<\/strong><br>The municipality is home to the Environmental Campus Birkenfeld (ECB), a site of the Trier University of Applied Sciences. The ECB has been recognised for years as the most sustainable university in Germany in the renowned GreenMetric ranking.<\/p>\n<\/div><\/div>\n\n\n\n<div class=\"wp-block-media-text is-stacked-on-mobile\" style=\"grid-template-columns:33% auto\"><figure class=\"wp-block-media-text__media\"><img loading=\"lazy\" decoding=\"async\" width=\"655\" height=\"655\" src=\"https:\/\/lehrpfad.umwelt-campus.de\/wp-content\/uploads\/2025\/08\/221_2.png\" alt=\"\" class=\"wp-image-507 size-full\" srcset=\"https:\/\/lehrpfad.umwelt-campus.de\/wp-content\/uploads\/2025\/08\/221_2.png 655w, https:\/\/lehrpfad.umwelt-campus.de\/wp-content\/uploads\/2025\/08\/221_2-300x300.png 300w, https:\/\/lehrpfad.umwelt-campus.de\/wp-content\/uploads\/2025\/08\/221_2-150x150.png 150w\" sizes=\"auto, (max-width: 655px) 100vw, 655px\" \/><\/figure><div class=\"wp-block-media-text__content\">\n<p><strong>Neubr\u00fccke regional railway station<\/strong><br>The regional train station connects the Nahe region and the federal state of Saarland with the urban centres of Mainz and Frankfurt. The Environmental Campus Birkenfeld is just a few minutes\u2018 walk away. The train station is also a central starting point for a visit to the Hunsr\u00fcck-Hochwald National Park.<\/p>\n<\/div><\/div>\n\n\n\n<div class=\"wp-block-media-text is-stacked-on-mobile\" style=\"grid-template-columns:33% auto\"><figure class=\"wp-block-media-text__media\"><img loading=\"lazy\" decoding=\"async\" width=\"655\" height=\"655\" src=\"https:\/\/lehrpfad.umwelt-campus.de\/wp-content\/uploads\/2025\/08\/221_3.png\" alt=\"\" class=\"wp-image-506 size-full\" srcset=\"https:\/\/lehrpfad.umwelt-campus.de\/wp-content\/uploads\/2025\/08\/221_3.png 655w, https:\/\/lehrpfad.umwelt-campus.de\/wp-content\/uploads\/2025\/08\/221_3-300x300.png 300w, https:\/\/lehrpfad.umwelt-campus.de\/wp-content\/uploads\/2025\/08\/221_3-150x150.png 150w\" sizes=\"auto, (max-width: 655px) 100vw, 655px\" \/><\/figure><div class=\"wp-block-media-text__content\">\n<p><strong>Steinautal community park<\/strong><br>Since 2024, the citizens\u2018 park, close to the Neubr\u00fccke regional train station and the Nahe Trail (Nahesteig), offers a wide range of activities and attractions for adults and children.<\/p>\n<\/div><\/div>\n\n\n\n<div class=\"wp-block-media-text is-stacked-on-mobile\" style=\"grid-template-columns:33% auto\"><figure class=\"wp-block-media-text__media\"><img loading=\"lazy\" decoding=\"async\" width=\"655\" height=\"655\" src=\"https:\/\/lehrpfad.umwelt-campus.de\/wp-content\/uploads\/2025\/08\/221_4.png\" alt=\"\" class=\"wp-image-505 size-full\" srcset=\"https:\/\/lehrpfad.umwelt-campus.de\/wp-content\/uploads\/2025\/08\/221_4.png 655w, https:\/\/lehrpfad.umwelt-campus.de\/wp-content\/uploads\/2025\/08\/221_4-300x300.png 300w, https:\/\/lehrpfad.umwelt-campus.de\/wp-content\/uploads\/2025\/08\/221_4-150x150.png 150w\" sizes=\"auto, (max-width: 655px) 100vw, 655px\" \/><\/figure><div class=\"wp-block-media-text__content\">\n<p><strong>Local recreation<\/strong><br>You can experience the beauty of nature and the landscape around the course of the Nahe river on a hike along the Nahe Trail (Nahesteig) and the Water Experience Trail (Gew\u00e4sser-Erlebnis-Pfad) or other activities in the Saar-Hunsr\u00fcck Nature Park region.<\/p>\n<\/div><\/div>\n<\/div>\n\n\n\n<div class=\"wp-block-uagb-container uagb-block-e9c5f59b\">\n<div class=\"wp-block-uagb-info-box uagb-block-a99f778a uagb-infobox__content-wrap  uagb-infobox-icon-above-title uagb-infobox-image-valign-top hinweisbox\"><div class=\"uagb-ifb-content\"><div class=\"uagb-ifb-icon-wrap\"><div class=\"uagb-iconbox-icon-wrap uagb-infobox-shape-circle\"><svg xmlns=\"https:\/\/www.w3.org\/2000\/svg\" viewBox=\"0 0 384 512\"><path d=\"M112.1 454.3c0 6.297 1.816 12.44 5.284 17.69l17.14 25.69c5.25 7.875 17.17 14.28 26.64 14.28h61.67c9.438 0 21.36-6.401 26.61-14.28l17.08-25.68c2.938-4.438 5.348-12.37 5.348-17.7L272 415.1h-160L112.1 454.3zM191.4 .0132C89.44 .3257 16 82.97 16 175.1c0 44.38 16.44 84.84 43.56 115.8c16.53 18.84 42.34 58.23 52.22 91.45c.0313 .25 .0938 .5166 .125 .7823h160.2c.0313-.2656 .0938-.5166 .125-.7823c9.875-33.22 35.69-72.61 52.22-91.45C351.6 260.8 368 220.4 368 175.1C368 78.61 288.9-.2837 191.4 .0132zM192 96.01c-44.13 0-80 35.89-80 79.1C112 184.8 104.8 192 96 192S80 184.8 80 176c0-61.76 50.25-111.1 112-111.1c8.844 0 16 7.159 16 16S200.8 96.01 192 96.01z\"><\/path><\/svg><\/div><\/div><div class=\"uagb-ifb-title-wrap\"><h3 class=\"uagb-ifb-title\">Tips and measures<\/h3><\/div><div class=\"uagb-ifb-separator\"><\/div><p class=\"uagb-ifb-desc\">You can find an overview of cycling and hiking trails in the area at:<br><br>https:\/\/www.birkenfelder-land.de\/<\/p><\/div><\/div>\n<\/div>\n<\/div><\/div>\n\n\n\n<h2 class=\"wp-block-heading\">Your location:<\/h2>\n\n\n    <div id=\"map_69e8f22088ee3\" style=\"height: 400px; margin: 20px 0;\"><\/div>\n    <script>\n    document.addEventListener('DOMContentLoaded', function () {\n        var map = L.map('map_69e8f22088ee3').setView([49.60634453818674, 7.172080443084882], 15);\n\n        \/\/ OSM Layer\n        L.tileLayer('https:\/\/{s}.tile.openstreetmap.org\/{z}\/{x}\/{y}.png', {\n            attribution: '&copy; OpenStreetMap contributors'\n        }).addTo(map);\n\n        \/\/ Icon f\u00fcr aktuelles Schild (blau, normal)\n        var currentIcon = L.icon({\n            iconUrl: 'https:\/\/unpkg.com\/leaflet@1.9.4\/dist\/images\/marker-icon.png',\n            shadowUrl: 'https:\/\/unpkg.com\/leaflet@1.9.4\/dist\/images\/marker-shadow.png',\n            iconSize: [25, 41],\n            iconAnchor: [12, 41],\n            popupAnchor: [1, -34],\n            shadowSize: [41, 41]\n        });\n\n        \/\/ Icon f\u00fcr nahe Schilder (grau, kleiner)\n        var nearbyIcon = L.icon({\n            iconUrl: 'https:\/\/raw.githubusercontent.com\/pointhi\/leaflet-color-markers\/master\/img\/marker-icon-grey.png',\n            shadowUrl: 'https:\/\/unpkg.com\/leaflet@1.9.4\/dist\/images\/marker-shadow.png',\n            iconSize: [18, 30], \/\/ kleiner\n            iconAnchor: [9, 30],\n            popupAnchor: [1, -24],\n            shadowSize: [30, 30]\n        });\n\n        \/\/ Marker aktuelles Schild\n        L.marker([49.60634453818674, 7.172080443084882], { icon: currentIcon })\n            .addTo(map)\n            .bindPopup('<b>Hoppst\u00e4dten-Weiersbach<\/b>');\n\n        \/\/ Marker nahe Schilder\n        var nearby = [{\"title\":\"Nationalpark Hunsr\\u00fcck-Hochwald\",\"url\":\"https:\\\/\\\/lehrpfad.umwelt-campus.de\\\/nlphh\\\/\",\"lat\":\"49.60774361601799\",\"lon\":\"7.169445223149881\"},{\"title\":\"National Park Hunsr\\u00fcck-Hochwald\",\"url\":\"https:\\\/\\\/lehrpfad.umwelt-campus.de\\\/en\\\/national-park-hunsrueck-hochwald\\\/\",\"lat\":\"49.60774361601799\",\"lon\":\"7.169445223149881\"},{\"title\":\"Flora und Fauna am UCB\",\"url\":\"https:\\\/\\\/lehrpfad.umwelt-campus.de\\\/flora-und-fauna-am-ucb\\\/\",\"lat\":\"49.60795415550785\",\"lon\":\"7.166252351542241\"},{\"title\":\"Flora and fauna at the ECB\",\"url\":\"https:\\\/\\\/lehrpfad.umwelt-campus.de\\\/en\\\/flora-and-fauna-at-the-ecb\\\/\",\"lat\":\"49.60795415550785\",\"lon\":\"7.166252351542241\"},{\"title\":\"Lebensraum Teich\",\"url\":\"https:\\\/\\\/lehrpfad.umwelt-campus.de\\\/lebensraum-teich\\\/\",\"lat\":\"49.60899002682144\",\"lon\":\"7.168950029874517\"},{\"title\":\"Habitat artificial pond\",\"url\":\"https:\\\/\\\/lehrpfad.umwelt-campus.de\\\/en\\\/habitat-artifi-cial-pond\\\/\",\"lat\":\"49.60899002682144\",\"lon\":\"7.168950029874517\"},{\"title\":\"Hoppst\\u00e4dten-Weiersbach\",\"url\":\"https:\\\/\\\/lehrpfad.umwelt-campus.de\\\/hoppstaedten-weiersbach\\\/\",\"lat\":\"49.60634453818674\",\"lon\":\"7.172080443084882\"},{\"title\":\"Zukunft gestalten \\u2013 Vielfalt erhalten\",\"url\":\"https:\\\/\\\/lehrpfad.umwelt-campus.de\\\/klima-und-artenschutz\\\/\",\"lat\":\"49.60955967894184\",\"lon\":\"7.1682319206623\"},{\"title\":\"Shape the future \\u2013 Preserve diversity\",\"url\":\"https:\\\/\\\/lehrpfad.umwelt-campus.de\\\/en\\\/shape-the-future-preserve-diversity\\\/\",\"lat\":\"49.60955967894184\",\"lon\":\"7.1682319206623\"},{\"title\":\"Nachwachsende Energie\",\"url\":\"https:\\\/\\\/lehrpfad.umwelt-campus.de\\\/bioenergie\\\/\",\"lat\":\"49.60703030568601\",\"lon\":\"7.170509772559681\"},{\"title\":\"Bioenergy\",\"url\":\"https:\\\/\\\/lehrpfad.umwelt-campus.de\\\/en\\\/bioenergy\\\/\",\"lat\":\"49.60703030568601\",\"lon\":\"7.170509772559681\"},{\"title\":\"Oberfl\\u00e4chenversickerung\",\"url\":\"https:\\\/\\\/lehrpfad.umwelt-campus.de\\\/oberflaechenversickerung\\\/\",\"lat\":\"49.607665916682286\",\"lon\":\"7.16747988164957\"},{\"title\":\"Rain is precious\",\"url\":\"https:\\\/\\\/lehrpfad.umwelt-campus.de\\\/en\\\/rain-is-precious\\\/\",\"lat\":\"49.607665916682286\",\"lon\":\"7.16747988164957\"},{\"title\":\"Gr\\u00fcne Oasen auf D\\u00e4chern\",\"url\":\"https:\\\/\\\/lehrpfad.umwelt-campus.de\\\/dachbegruenung\\\/\",\"lat\":\"49.608063515546284\",\"lon\":\"7.171160639304729\"},{\"title\":\"Green oases on roofs\",\"url\":\"https:\\\/\\\/lehrpfad.umwelt-campus.de\\\/en\\\/green-oases-on-roofs\\\/\",\"lat\":\"49.608063515546284\",\"lon\":\"7.171160639304729\"},{\"title\":\"Lebensraum Wassergraben\",\"url\":\"https:\\\/\\\/lehrpfad.umwelt-campus.de\\\/lebensraum-wassergraben\\\/\",\"lat\":\"49.60700483779717\",\"lon\":\"7.171370310954045\"},{\"title\":\"Water ditch\",\"url\":\"https:\\\/\\\/lehrpfad.umwelt-campus.de\\\/en\\\/water-ditch\\\/\",\"lat\":\"49.60700483779717\",\"lon\":\"7.171370310954045\"},{\"title\":\"Sonne elektrisiert\",\"url\":\"https:\\\/\\\/lehrpfad.umwelt-campus.de\\\/solarstromerzeugung\\\/\",\"lat\":\"49.60776138885158\",\"lon\":\"7.170277411975512\"},{\"title\":\"Sun electrifies\",\"url\":\"https:\\\/\\\/lehrpfad.umwelt-campus.de\\\/en\\\/sun-electrifi-es\\\/\",\"lat\":\"49.60776138885158\",\"lon\":\"7.170277411975512\"},{\"title\":\"Wildnis-Werkstatt-Garten\",\"url\":\"https:\\\/\\\/lehrpfad.umwelt-campus.de\\\/campusgarten\\\/\",\"lat\":\"49.609645275756264\",\"lon\":\"7.168987580774521\"},{\"title\":\"Wilderness Workshop Garden\",\"url\":\"https:\\\/\\\/lehrpfad.umwelt-campus.de\\\/en\\\/wilderness-workshop-garden\\\/\",\"lat\":\"49.609645275756264\",\"lon\":\"7.168987580774521\"},{\"title\":\"Die Welt im richtigen Licht\",\"url\":\"https:\\\/\\\/lehrpfad.umwelt-campus.de\\\/beleuchtung\\\/\",\"lat\":\"49.60928221690439\",\"lon\":\"7.167980099999982\"},{\"title\":\"The world in the right light\",\"url\":\"https:\\\/\\\/lehrpfad.umwelt-campus.de\\\/en\\\/the-world-in-the-right-light\\\/\",\"lat\":\"49.60928221690439\",\"lon\":\"7.167980099999982\"},{\"title\":\"Blumenwiese\",\"url\":\"https:\\\/\\\/lehrpfad.umwelt-campus.de\\\/blumenwiese\\\/\",\"lat\":\"49.60874397249101\",\"lon\":\"7.168729944254955\"},{\"title\":\"Meadow of flowers\",\"url\":\"https:\\\/\\\/lehrpfad.umwelt-campus.de\\\/en\\\/meadow-of-flowers\\\/\",\"lat\":\"49.60874397249101\",\"lon\":\"7.168729944254955\"},{\"title\":\"Zweiachsig nachgef\\u00fchrte Photovoltaikanlage\",\"url\":\"https:\\\/\\\/lehrpfad.umwelt-campus.de\\\/zweiachsig-nachgefuehrte-solaranlage\\\/\",\"lat\":\"49.60935339203495\",\"lon\":\"7.1670544088773696\"},{\"title\":\"Two-axis tracking photovoltaic system\",\"url\":\"https:\\\/\\\/lehrpfad.umwelt-campus.de\\\/en\\\/two-axis-tracking-photovoltaic-system\\\/\",\"lat\":\"49.60935339203495\",\"lon\":\"7.1670544088773696\"},{\"title\":\"Lebensraum T\\u00fcmpel\",\"url\":\"https:\\\/\\\/lehrpfad.umwelt-campus.de\\\/flachwasserteich\\\/\",\"lat\":\"49.60720866826077\",\"lon\":\"7.168643407849264\"},{\"title\":\"Habitat natural pond\",\"url\":\"https:\\\/\\\/lehrpfad.umwelt-campus.de\\\/en\\\/habitat-natural-pond\\\/\",\"lat\":\"49.60720866826077\",\"lon\":\"7.168643407849264\"},{\"title\":\"Nisthilfen\",\"url\":\"https:\\\/\\\/lehrpfad.umwelt-campus.de\\\/nisthilfen\\\/\",\"lat\":\"49.609226598886345\",\"lon\":\"7.168639923385693\"},{\"title\":\"Nesting aids\",\"url\":\"https:\\\/\\\/lehrpfad.umwelt-campus.de\\\/en\\\/nesting-aids\\\/\",\"lat\":\"49.609226598886345\",\"lon\":\"7.168639923385693\"},{\"title\":\"Intelligent gel\\u00fcftet\",\"url\":\"https:\\\/\\\/lehrpfad.umwelt-campus.de\\\/lueftungstechnik\\\/\",\"lat\":\"49.60782917534264\",\"lon\":\"7.168615783502351\"},{\"title\":\"Intelligently ventilated\",\"url\":\"https:\\\/\\\/lehrpfad.umwelt-campus.de\\\/en\\\/intelligently-ventilated\\\/\",\"lat\":\"49.60782917534264\",\"lon\":\"7.168615783502351\"},{\"title\":\"Lebensraum Trockenmauer\",\"url\":\"https:\\\/\\\/lehrpfad.umwelt-campus.de\\\/trockenmauer\\\/\",\"lat\":\"49.60720398502664\",\"lon\":\"7.168605112283162\"},{\"title\":\"Habitat dry stone wall\",\"url\":\"https:\\\/\\\/lehrpfad.umwelt-campus.de\\\/en\\\/habitat-dry-stone-wall\\\/\",\"lat\":\"49.60720398502664\",\"lon\":\"7.168605112283162\"},{\"title\":\"Null-Emissions-Mobilit\\u00e4t\",\"url\":\"https:\\\/\\\/lehrpfad.umwelt-campus.de\\\/solarcarport\\\/\",\"lat\":\"49.60686137764618\",\"lon\":\"7.168626409225781\"},{\"title\":\"Zero-emission mobility\",\"url\":\"https:\\\/\\\/lehrpfad.umwelt-campus.de\\\/en\\\/zero-emission-mobility\\\/\",\"lat\":\"49.60686137764618\",\"lon\":\"7.168626409225781\"},{\"title\":\"Multitalent Hecke\",\"url\":\"https:\\\/\\\/lehrpfad.umwelt-campus.de\\\/feldhecke\\\/\",\"lat\":\"49.60956685114868\",\"lon\":\"7.169043413066614\"},{\"title\":\"All-rounder hedge\",\"url\":\"https:\\\/\\\/lehrpfad.umwelt-campus.de\\\/en\\\/all-rounder-hedge\\\/\",\"lat\":\"49.60956685114868\",\"lon\":\"7.169043413066614\"},{\"title\":\"Plus-Energie-Geb\\u00e4ude\",\"url\":\"https:\\\/\\\/lehrpfad.umwelt-campus.de\\\/plus-energie-gebaeude\\\/\",\"lat\":\"49.60742850741771\",\"lon\":\"7.168809175659778\"},{\"title\":\"Plus-Energy Building\",\"url\":\"https:\\\/\\\/lehrpfad.umwelt-campus.de\\\/en\\\/plus-energy-building\\\/\",\"lat\":\"49.60742850741771\",\"lon\":\"7.168809175659778\"},{\"title\":\"Umwelt-Campus Birkenfeld\",\"url\":\"https:\\\/\\\/lehrpfad.umwelt-campus.de\\\/ucb\\\/\",\"lat\":\"49.607671546248255\",\"lon\":\"7.16898241091688\"},{\"title\":\"Environmental Campus Birkenfeld\",\"url\":\"https:\\\/\\\/lehrpfad.umwelt-campus.de\\\/en\\\/environmental-campus-birkenfeld\\\/\",\"lat\":\"49.607671546248255\",\"lon\":\"7.16898241091688\"}];\n        nearby.forEach(function (loc) {\n            L.marker([loc.lat, loc.lon], { icon: nearbyIcon }).addTo(map)\n                .bindPopup('<a href=\"' + loc.url + '\">' + loc.title + '<\/a>');\n        });\n    });\n    <\/script>\n    \n\n\n\n<p><\/p>\n","protected":false},"excerpt":{"rendered":"<p>Living \u2013 Studying \u2013 Working The municipality of Hoppst\u00e4dten-Weiersbach comprises three districts: Hoppst\u00e4dten, Weiersbach with Bleiderdingen, and Neubr\u00fccke. Located in [&hellip;]<\/p>\n","protected":false},"author":1,"featured_media":668,"parent":0,"menu_order":0,"comment_status":"closed","ping_status":"closed","template":"","meta":{"_acf_changed":false,"_uag_custom_page_level_css":"","site-sidebar-layout":"default","site-content-layout":"","ast-site-content-layout":"default","site-content-style":"default","site-sidebar-style":"default","ast-global-header-display":"","ast-banner-title-visibility":"","ast-main-header-display":"","ast-hfb-above-header-display":"","ast-hfb-below-header-display":"","ast-hfb-mobile-header-display":"","site-post-title":"","ast-breadcrumbs-content":"","ast-featured-img":"disabled","footer-sml-layout":"","ast-disable-related-posts":"","theme-transparent-header-meta":"","adv-header-id-meta":"","stick-header-meta":"","header-above-stick-meta":"","header-main-stick-meta":"","header-below-stick-meta":"","astra-migrate-meta-layouts":"default","ast-page-background-enabled":"default","ast-page-background-meta":{"desktop":{"background-color":"var(--ast-global-color-4)","background-image":"","background-repeat":"repeat","background-position":"center center","background-size":"auto","background-attachment":"scroll","background-type":"","background-media":"","overlay-type":"","overlay-color":"","overlay-opacity":"","overlay-gradient":""},"tablet":{"background-color":"","background-image":"","background-repeat":"repeat","background-position":"center center","background-size":"auto","background-attachment":"scroll","background-type":"","background-media":"","overlay-type":"","overlay-color":"","overlay-opacity":"","overlay-gradient":""},"mobile":{"background-color":"","background-image":"","background-repeat":"repeat","background-position":"center center","background-size":"auto","background-attachment":"scroll","background-type":"","background-media":"","overlay-type":"","overlay-color":"","overlay-opacity":"","overlay-gradient":""}},"ast-content-background-meta":{"desktop":{"background-color":"var(--ast-global-color-5)","background-image":"","background-repeat":"repeat","background-position":"center center","background-size":"auto","background-attachment":"scroll","background-type":"","background-media":"","overlay-type":"","overlay-color":"","overlay-opacity":"","overlay-gradient":""},"tablet":{"background-color":"var(--ast-global-color-5)","background-image":"","background-repeat":"repeat","background-position":"center center","background-size":"auto","background-attachment":"scroll","background-type":"","background-media":"","overlay-type":"","overlay-color":"","overlay-opacity":"","overlay-gradient":""},"mobile":{"background-color":"var(--ast-global-color-5)","background-image":"","background-repeat":"repeat","background-position":"center center","background-size":"auto","background-attachment":"scroll","background-type":"","background-media":"","overlay-type":"","overlay-color":"","overlay-opacity":"","overlay-gradient":""}},"footnotes":""},"class_list":["post-1097","page","type-page","status-publish","has-post-thumbnail","hentry"],"acf":[],"uagb_featured_image_src":{"full":["https:\/\/lehrpfad.umwelt-campus.de\/wp-content\/uploads\/2025\/08\/220_header.webp",1200,700,false],"thumbnail":["https:\/\/lehrpfad.umwelt-campus.de\/wp-content\/uploads\/2025\/08\/220_header-150x150.webp",150,150,true],"medium":["https:\/\/lehrpfad.umwelt-campus.de\/wp-content\/uploads\/2025\/08\/220_header-300x175.webp",300,175,true],"medium_large":["https:\/\/lehrpfad.umwelt-campus.de\/wp-content\/uploads\/2025\/08\/220_header-768x448.webp",768,448,true],"large":["https:\/\/lehrpfad.umwelt-campus.de\/wp-content\/uploads\/2025\/08\/220_header-1024x597.webp",1024,597,true],"1536x1536":["https:\/\/lehrpfad.umwelt-campus.de\/wp-content\/uploads\/2025\/08\/220_header.webp",1200,700,false],"2048x2048":["https:\/\/lehrpfad.umwelt-campus.de\/wp-content\/uploads\/2025\/08\/220_header.webp",1200,700,false]},"uagb_author_info":{"display_name":"wplpadmin","author_link":"https:\/\/lehrpfad.umwelt-campus.de\/en\/author\/wplpadmin\/"},"uagb_comment_info":0,"uagb_excerpt":"Living \u2013 Studying \u2013 Working The municipality of Hoppst\u00e4dten-Weiersbach comprises three districts: Hoppst\u00e4dten, Weiersbach with Bleiderdingen, and Neubr\u00fccke. Located in [&hellip;]","_links":{"self":[{"href":"https:\/\/lehrpfad.umwelt-campus.de\/en\/wp-json\/wp\/v2\/pages\/1097","targetHints":{"allow":["GET"]}}],"collection":[{"href":"https:\/\/lehrpfad.umwelt-campus.de\/en\/wp-json\/wp\/v2\/pages"}],"about":[{"href":"https:\/\/lehrpfad.umwelt-campus.de\/en\/wp-json\/wp\/v2\/types\/page"}],"author":[{"embeddable":true,"href":"https:\/\/lehrpfad.umwelt-campus.de\/en\/wp-json\/wp\/v2\/users\/1"}],"replies":[{"embeddable":true,"href":"https:\/\/lehrpfad.umwelt-campus.de\/en\/wp-json\/wp\/v2\/comments?post=1097"}],"version-history":[{"count":4,"href":"https:\/\/lehrpfad.umwelt-campus.de\/en\/wp-json\/wp\/v2\/pages\/1097\/revisions"}],"predecessor-version":[{"id":1257,"href":"https:\/\/lehrpfad.umwelt-campus.de\/en\/wp-json\/wp\/v2\/pages\/1097\/revisions\/1257"}],"wp:featuredmedia":[{"embeddable":true,"href":"https:\/\/lehrpfad.umwelt-campus.de\/en\/wp-json\/wp\/v2\/media\/668"}],"wp:attachment":[{"href":"https:\/\/lehrpfad.umwelt-campus.de\/en\/wp-json\/wp\/v2\/media?parent=1097"}],"curies":[{"name":"wp","href":"https:\/\/api.w.org\/{rel}","templated":true}]}}