{"id":924,"date":"2024-08-21T09:55:07","date_gmt":"2024-08-21T07:55:07","guid":{"rendered":"https:\/\/lehrpfad.umwelt-campus.de\/living-deadwood-island\/"},"modified":"2025-09-10T08:25:10","modified_gmt":"2025-09-10T06:25:10","slug":"living-deadwood-island","status":"publish","type":"page","link":"https:\/\/lehrpfad.umwelt-campus.de\/en\/living-deadwood-island\/","title":{"rendered":"Living deadwood island"},"content":{"rendered":"\n<div class=\"wp-block-uagb-container uagb-block-ddf63a6a alignfull uagb-is-root-container\"><div class=\"uagb-container-inner-blocks-wrap\">\n<div class=\"wp-block-uagb-container uagb-block-d71b3bf5\">\n<h2 class=\"wp-block-heading\">There is no waste in the forest ecosystem<\/h2>\n\n\n\n<figure class=\"wp-block-audio\"><audio controls src=\"https:\/\/lehrpfad.umwelt-campus.de\/wp-content\/uploads\/2025\/09\/224_1_eng.mp3\"><\/audio><\/figure>\n\n\n\n<p>Everything is recycled. When wood dies, it becomes the basis for new life (deadwood). Countless organisms participate in the constant decomposition and regeneration.<\/p>\n\n\n\n<p>About 20 percent of the forest flora and fauna live directly or indirectly from deadwood, including fungi, lichens, mosses, ferns, insects, reptiles, birds and also mammals, such as the cave-dwelling marten. Many of these are already threatened with extinction. The majority of our 1,000 species of wasps and bees depend on it. Many other insect species such as butterflies, beetles, ants, flies, crane flies, heteropterans, moths, arachnids and mites find their habitat here \u2013 use it as shelter, food source and building material.<\/p>\n\n\n\n<p>The various interdependencies between fungi and insects give rise to biocoenoses. Insects transfer fungal spores to the wood body, the fungi in turn can be a food source and partial habitat for insects.<\/p>\n\n\n\n<figure data-wp-context=\"{&quot;imageId&quot;:&quot;69e8ec1a0813e&quot;}\" data-wp-interactive=\"core\/image\" data-wp-key=\"69e8ec1a0813e\" class=\"wp-block-image size-large wp-lightbox-container\"><img loading=\"lazy\" decoding=\"async\" width=\"1024\" height=\"388\" data-wp-class--hide=\"state.isContentHidden\" data-wp-class--show=\"state.isContentVisible\" data-wp-init=\"callbacks.setButtonStyles\" data-wp-on--click=\"actions.showLightbox\" data-wp-on--load=\"callbacks.setButtonStyles\" data-wp-on-window--resize=\"callbacks.setButtonStyles\" src=\"https:\/\/lehrpfad.umwelt-campus.de\/wp-content\/uploads\/2025\/07\/224_grafik-1024x388.webp\" alt=\"\" class=\"wp-image-282\" style=\"box-shadow:none\" srcset=\"https:\/\/lehrpfad.umwelt-campus.de\/wp-content\/uploads\/2025\/07\/224_grafik-1024x388.webp 1024w, https:\/\/lehrpfad.umwelt-campus.de\/wp-content\/uploads\/2025\/07\/224_grafik-300x114.webp 300w, https:\/\/lehrpfad.umwelt-campus.de\/wp-content\/uploads\/2025\/07\/224_grafik-768x291.webp 768w, https:\/\/lehrpfad.umwelt-campus.de\/wp-content\/uploads\/2025\/07\/224_grafik-1536x582.webp 1536w, https:\/\/lehrpfad.umwelt-campus.de\/wp-content\/uploads\/2025\/07\/224_grafik.webp 1760w\" sizes=\"auto, (max-width: 1024px) 100vw, 1024px\" \/><button\n\t\t\tclass=\"lightbox-trigger\"\n\t\t\ttype=\"button\"\n\t\t\taria-haspopup=\"dialog\"\n\t\t\taria-label=\"Enlarge\"\n\t\t\tdata-wp-init=\"callbacks.initTriggerButton\"\n\t\t\tdata-wp-on--click=\"actions.showLightbox\"\n\t\t\tdata-wp-style--right=\"state.imageButtonRight\"\n\t\t\tdata-wp-style--top=\"state.imageButtonTop\"\n\t\t>\n\t\t\t<svg xmlns=\"http:\/\/www.w3.org\/2000\/svg\" width=\"12\" height=\"12\" fill=\"none\" viewBox=\"0 0 12 12\">\n\t\t\t\t<path fill=\"#fff\" d=\"M2 0a2 2 0 0 0-2 2v2h1.5V2a.5.5 0 0 1 .5-.5h2V0H2Zm2 10.5H2a.5.5 0 0 1-.5-.5V8H0v2a2 2 0 0 0 2 2h2v-1.5ZM8 12v-1.5h2a.5.5 0 0 0 .5-.5V8H12v2a2 2 0 0 1-2 2H8Zm2-12a2 2 0 0 1 2 2v2h-1.5V2a.5.5 0 0 0-.5-.5H8V0h2Z\" \/>\n\t\t\t<\/svg>\n\t\t<\/button><\/figure>\n\n\n\n<figure class=\"wp-block-audio\"><audio controls src=\"https:\/\/lehrpfad.umwelt-campus.de\/wp-content\/uploads\/2025\/09\/224_2_eng.mp3\"><\/audio><\/figure>\n\n\n\n<div class=\"wp-block-uagb-icon-list uagb-block-93be93d5 iconlistgreen\"><div class=\"uagb-icon-list__wrap\">\n<div class=\"wp-block-uagb-icon-list-child uagb-block-130153ab\"><span class=\"uagb-icon-list__source-wrap\"><svg xmlns=\"https:\/\/www.w3.org\/2000\/svg\" viewBox=\"0 0 256 512\"><path d=\"M256 448c0 17.67-14.33 32-32 32H32c-17.67 0-32-14.33-32-32s14.33-32 32-32h64V123.8L49.75 154.6C35.02 164.5 15.19 160.4 5.375 145.8C-4.422 131.1-.4531 111.2 14.25 101.4l96-64c9.828-6.547 22.45-7.187 32.84-1.594C153.5 41.37 160 52.22 160 64.01v352h64C241.7 416 256 430.3 256 448z\"><\/path><\/svg><\/span><span class=\"uagb-icon-list__label\"><strong>Schwarzspecht<\/strong><br>Zun\u00e4chst die wichtige Rolle der holzaufschlie\u00dfenden Tierarten: Bohrende Insekten und Spechte. Sie verschaffen holzzersetzenden Pilzen und Bakterien Zugang in das harte Material.<\/span><\/div>\n\n\n\n<div class=\"wp-block-uagb-icon-list-child uagb-block-2e7f9348\"><span class=\"uagb-icon-list__source-wrap\"><svg xmlns=\"https:\/\/www.w3.org\/2000\/svg\" viewBox=\"0 0 320 512\"><path d=\"M320 448c0 17.67-14.33 32-32 32H32c-13.08 0-24.83-7.953-29.7-20.09c-4.859-12.12-1.859-26 7.594-35.03l193.6-185.1c31.36-30.17 33.95-80 5.812-113.4c-14.91-17.69-35.86-28.12-58.97-29.38C127.4 95.83 105.3 103.9 88.53 119.9L53.52 151.7c-13.08 11.91-33.33 10.89-45.2-2.172C-3.563 136.5-2.594 116.2 10.48 104.3l34.45-31.3c28.67-27.34 68.39-42.11 108.9-39.88c40.33 2.188 78.39 21.16 104.4 52.03c49.8 59.05 45.2 147.3-10.45 200.8l-136 130H288C305.7 416 320 430.3 320 448z\"><\/path><\/svg><\/span><span class=\"uagb-icon-list__label\"><strong>Hallimasch<\/strong><br>Anschlie\u00dfend spielen Pilze eine entscheidende Rolle, die in der Lage sind, Lignin und Zellulose, als Bestandteile des Holzes, abzubauen und aufzuschlie\u00dfen.<\/span><\/div>\n\n\n\n<div class=\"wp-block-uagb-icon-list-child uagb-block-c25589b9\"><span class=\"uagb-icon-list__source-wrap\"><svg xmlns=\"https:\/\/www.w3.org\/2000\/svg\" viewBox=\"0 0 320 512\"><path d=\"M320 344c0 74.98-61.02 136-136 136H103.6c-46.34 0-87.31-29.53-101.1-73.48c-5.594-16.77 3.484-34.88 20.25-40.47c16.75-5.609 34.89 3.484 40.47 20.25c5.922 17.77 22.48 29.7 41.23 29.7H184c39.7 0 72-32.3 72-72s-32.3-72-72-72H80c-13.2 0-25.05-8.094-29.83-20.41C45.39 239.3 48.66 225.3 58.38 216.4l131.4-120.4H32c-17.67 0-32-14.33-32-32s14.33-32 32-32h240c13.2 0 25.05 8.094 29.83 20.41c4.781 12.3 1.516 26.27-8.203 35.19l-131.4 120.4H184C258.1 208 320 269 320 344z\"><\/path><\/svg><\/span><span class=\"uagb-icon-list__label\"><strong>Hirschk\u00e4fer <\/strong><br>K\u00e4fer leben in und von Totholz. Der Hirschk\u00e4fer beispielsweise legt seine Larven an morschen Wurzeln alter Eichen, Ulmen und Obstb\u00e4umen ab.<\/span><\/div>\n\n\n\n<div class=\"wp-block-uagb-icon-list-child uagb-block-717561ab\"><span class=\"uagb-icon-list__source-wrap\"><svg xmlns=\"https:\/\/www.w3.org\/2000\/svg\" viewBox=\"0 0 384 512\"><path d=\"M384 334.2c0 17.67-14.33 32-32 32h-32v81.78c0 17.67-14.33 32-32 32s-32-14.33-32-32v-81.78H32c-10.97 0-21.17-5.625-27.05-14.89c-5.859-9.266-6.562-20.89-1.875-30.81l128-270.2C138.6 34.33 157.8 27.56 173.7 35.09c15.97 7.562 22.78 26.66 15.22 42.63L82.56 302.2H256V160c0-17.67 14.33-32 32-32s32 14.33 32 32v142.2h32C369.7 302.2 384 316.6 384 334.2z\"><\/path><\/svg><\/span><span class=\"uagb-icon-list__label\"><strong>Feuersalamander<\/strong><br>Verschiedene Amphibien und Reptilien, zum Beispiel Feuersalamander, Waldeidechse, Blindschleiche, Erdkr\u00f6te und Kreuzotter, suchen liegendes Totholz als Nistplatz, Tagesversteck oder zum \u00dcberwintern auf.<\/span><\/div>\n\n\n\n<div class=\"wp-block-uagb-icon-list-child uagb-block-07189d03\"><span class=\"uagb-icon-list__source-wrap\"><svg xmlns=\"https:\/\/www.w3.org\/2000\/svg\" viewBox=\"0 0 320 512\"><path d=\"M320 344.6c0 74.66-60.73 135.4-135.4 135.4H104.7c-46.81 0-88.22-29.83-103-74.23c-5.594-16.77 3.469-34.89 20.23-40.48c16.83-5.625 34.91 3.469 40.48 20.23c6.078 18.23 23.08 30.48 42.3 30.48h79.95c39.36 0 71.39-32.03 71.39-71.39s-32.03-71.38-71.39-71.38H32c-9.484 0-18.47-4.203-24.56-11.48C1.359 254.5-1.172 244.9 .5156 235.6l32-177.2C35.27 43.09 48.52 32.01 64 32.01l192 .0049c17.67 0 32 14.33 32 32s-14.33 32-32 32H90.73L70.3 209.2h114.3C259.3 209.2 320 269.1 320 344.6z\"><\/path><\/svg><\/span><span class=\"uagb-icon-list__label\"><strong>Tausendf\u00fc\u00dfler<\/strong><br>Sobald vom Holz nur noch Mulm sowie Kot und Reste der Vorbesiedler \u00fcbrig sind, folgen typische Organismen der Bodenfauna wie Schnecken, Tausendf\u00fc\u00dfler, Milben, W\u00fcrmer, Springschw\u00e4nze und Asseln. Sie zerkleinern die restlichen Bestandteile weiter.<\/span><\/div>\n\n\n\n<div class=\"wp-block-uagb-icon-list-child uagb-block-e7cd21d9\"><span class=\"uagb-icon-list__source-wrap\"><svg xmlns=\"https:\/\/www.w3.org\/2000\/svg\" viewBox=\"0 0 320 512\"><path d=\"M167.7 160.8l64.65-76.06c11.47-13.45 9.812-33.66-3.656-45.09C222.7 34.51 215.3 32.01 208 32.01c-9.062 0-18.06 3.833-24.38 11.29C38.07 214.5 0 245.5 0 320c0 88.22 71.78 160 160 160s160-71.78 160-160C320 234.4 252.3 164.9 167.7 160.8zM160 416c-52.94 0-96-43.06-96-96s43.06-95.1 96-95.1s96 43.06 96 95.1S212.9 416 160 416z\"><\/path><\/svg><\/span><span class=\"uagb-icon-list__label\"><strong>Keimling<\/strong><br>Bakterien und Pilze schlie\u00dfen die endg\u00fcltige Zersetzung der Holzpartikel ab. Entstanden ist Humus, fruchtbarer Boden. Darauf keimen neue B\u00e4ume. Der Prozess beginnt von vorne.<\/span><\/div>\n<\/div><\/div>\n<\/div>\n\n\n\n<div class=\"wp-block-uagb-container uagb-block-e9c5f59b\">\n<div class=\"wp-block-uagb-info-box uagb-block-a99f778a uagb-infobox__content-wrap  uagb-infobox-icon-above-title uagb-infobox-image-valign-top hinweisbox\"><div class=\"uagb-ifb-content\"><div class=\"uagb-ifb-icon-wrap\"><div class=\"uagb-iconbox-icon-wrap uagb-infobox-shape-circle\"><svg xmlns=\"https:\/\/www.w3.org\/2000\/svg\" viewBox=\"0 0 384 512\"><path d=\"M112.1 454.3c0 6.297 1.816 12.44 5.284 17.69l17.14 25.69c5.25 7.875 17.17 14.28 26.64 14.28h61.67c9.438 0 21.36-6.401 26.61-14.28l17.08-25.68c2.938-4.438 5.348-12.37 5.348-17.7L272 415.1h-160L112.1 454.3zM191.4 .0132C89.44 .3257 16 82.97 16 175.1c0 44.38 16.44 84.84 43.56 115.8c16.53 18.84 42.34 58.23 52.22 91.45c.0313 .25 .0938 .5166 .125 .7823h160.2c.0313-.2656 .0938-.5166 .125-.7823c9.875-33.22 35.69-72.61 52.22-91.45C351.6 260.8 368 220.4 368 175.1C368 78.61 288.9-.2837 191.4 .0132zM192 96.01c-44.13 0-80 35.89-80 79.1C112 184.8 104.8 192 96 192S80 184.8 80 176c0-61.76 50.25-111.1 112-111.1c8.844 0 16 7.159 16 16S200.8 96.01 192 96.01z\"><\/path><\/svg><\/div><\/div><div class=\"uagb-ifb-title-wrap\"><h3 class=\"uagb-ifb-title\">Tips and measures<\/h3><\/div><div class=\"uagb-ifb-separator\"><\/div><p class=\"uagb-ifb-desc\">Do not remove or shred tree prunings, but pile them up in the garden<br><br>Create privacy screens or other design elements from deadwood material<br><br>Lean or partially bury sawed-off trunks as standing deadwood<\/p><\/div><\/div>\n\n\n\n<h4 class=\"wp-block-heading\">Old and dead wood<\/h4>\n\n\n\n<ul class=\"wp-block-list\">\n<li>fosters nature conservation and species protection.<\/li>\n\n\n\n<li>contributes significantly to natural disease and pest control in the forest.<\/li>\n\n\n\n<li>has a positive effect on the microclimate. Prevents the soil from drying out, can compensate temperature and humidity fluctuations.<\/li>\n<\/ul>\n<\/div>\n<\/div><\/div>\n\n\n\n<h2 class=\"wp-block-heading\">Your location:<\/h2>\n\n\n    <div id=\"map_69e8ec1a14d53\" style=\"height: 400px; margin: 20px 0;\"><\/div>\n    <script>\n    document.addEventListener('DOMContentLoaded', function () {\n        var map = L.map('map_69e8ec1a14d53').setView([49.61137095302918, 7.172506150597966], 15);\n\n        \/\/ OSM Layer\n        L.tileLayer('https:\/\/{s}.tile.openstreetmap.org\/{z}\/{x}\/{y}.png', {\n            attribution: '&copy; OpenStreetMap contributors'\n        }).addTo(map);\n\n        \/\/ Icon f\u00fcr aktuelles Schild (blau, normal)\n        var currentIcon = L.icon({\n            iconUrl: 'https:\/\/unpkg.com\/leaflet@1.9.4\/dist\/images\/marker-icon.png',\n            shadowUrl: 'https:\/\/unpkg.com\/leaflet@1.9.4\/dist\/images\/marker-shadow.png',\n            iconSize: [25, 41],\n            iconAnchor: [12, 41],\n            popupAnchor: [1, -34],\n            shadowSize: [41, 41]\n        });\n\n        \/\/ Icon f\u00fcr nahe Schilder (grau, kleiner)\n        var nearbyIcon = L.icon({\n            iconUrl: 'https:\/\/raw.githubusercontent.com\/pointhi\/leaflet-color-markers\/master\/img\/marker-icon-grey.png',\n            shadowUrl: 'https:\/\/unpkg.com\/leaflet@1.9.4\/dist\/images\/marker-shadow.png',\n            iconSize: [18, 30], \/\/ kleiner\n            iconAnchor: [9, 30],\n            popupAnchor: [1, -24],\n            shadowSize: [30, 30]\n        });\n\n        \/\/ Marker aktuelles Schild\n        L.marker([49.61137095302918, 7.172506150597966], { icon: currentIcon })\n            .addTo(map)\n            .bindPopup('<b>Living deadwood island<\/b>');\n\n        \/\/ Marker nahe Schilder\n        var nearby = [{\"title\":\"Nationalpark Hunsr\\u00fcck-Hochwald\",\"url\":\"https:\\\/\\\/lehrpfad.umwelt-campus.de\\\/nlphh\\\/\",\"lat\":\"49.60774361601799\",\"lon\":\"7.169445223149881\"},{\"title\":\"National Park Hunsr\\u00fcck-Hochwald\",\"url\":\"https:\\\/\\\/lehrpfad.umwelt-campus.de\\\/en\\\/national-park-hunsrueck-hochwald\\\/\",\"lat\":\"49.60774361601799\",\"lon\":\"7.169445223149881\"},{\"title\":\"Lebensraum Teich\",\"url\":\"https:\\\/\\\/lehrpfad.umwelt-campus.de\\\/lebensraum-teich\\\/\",\"lat\":\"49.60899002682144\",\"lon\":\"7.168950029874517\"},{\"title\":\"Habitat artificial pond\",\"url\":\"https:\\\/\\\/lehrpfad.umwelt-campus.de\\\/en\\\/habitat-artifi-cial-pond\\\/\",\"lat\":\"49.60899002682144\",\"lon\":\"7.168950029874517\"},{\"title\":\"Zukunft gestalten \\u2013 Vielfalt erhalten\",\"url\":\"https:\\\/\\\/lehrpfad.umwelt-campus.de\\\/klima-und-artenschutz\\\/\",\"lat\":\"49.60955967894184\",\"lon\":\"7.1682319206623\"},{\"title\":\"Shape the future \\u2013 Preserve diversity\",\"url\":\"https:\\\/\\\/lehrpfad.umwelt-campus.de\\\/en\\\/shape-the-future-preserve-diversity\\\/\",\"lat\":\"49.60955967894184\",\"lon\":\"7.1682319206623\"},{\"title\":\"Lebendige Totholzinsel\",\"url\":\"https:\\\/\\\/lehrpfad.umwelt-campus.de\\\/totholzinsel\\\/\",\"lat\":\"49.61137095302918\",\"lon\":\"7.172506150597966\"},{\"title\":\"Block- und Felsschutthalden\",\"url\":\"https:\\\/\\\/lehrpfad.umwelt-campus.de\\\/blockhalde\\\/\",\"lat\":\"49.612394007728355\",\"lon\":\"7.168353322931981\"},{\"title\":\"Stone runs and screes\",\"url\":\"https:\\\/\\\/lehrpfad.umwelt-campus.de\\\/en\\\/stone-runs-and-screes\\\/\",\"lat\":\"49.612394007728355\",\"lon\":\"7.168353322931981\"},{\"title\":\"Flie\\u00dfgew\\u00e4sser und Auen\",\"url\":\"https:\\\/\\\/lehrpfad.umwelt-campus.de\\\/fliessgewaesser-und-auenlandschaft\\\/\",\"lat\":\"49.61115892504491\",\"lon\":\"7.175042219206199\"},{\"title\":\"Watercourses and floodplains\",\"url\":\"https:\\\/\\\/lehrpfad.umwelt-campus.de\\\/en\\\/watercourses-and-fl-oodplains\\\/\",\"lat\":\"49.61115892504491\",\"lon\":\"7.175042219206199\"},{\"title\":\"Gr\\u00fcne Oasen auf D\\u00e4chern\",\"url\":\"https:\\\/\\\/lehrpfad.umwelt-campus.de\\\/dachbegruenung\\\/\",\"lat\":\"49.608063515546284\",\"lon\":\"7.171160639304729\"},{\"title\":\"Green oases on roofs\",\"url\":\"https:\\\/\\\/lehrpfad.umwelt-campus.de\\\/en\\\/green-oases-on-roofs\\\/\",\"lat\":\"49.608063515546284\",\"lon\":\"7.171160639304729\"},{\"title\":\"Lebensraum Wassergraben\",\"url\":\"https:\\\/\\\/lehrpfad.umwelt-campus.de\\\/lebensraum-wassergraben\\\/\",\"lat\":\"49.60700483779717\",\"lon\":\"7.171370310954045\"},{\"title\":\"Water ditch\",\"url\":\"https:\\\/\\\/lehrpfad.umwelt-campus.de\\\/en\\\/water-ditch\\\/\",\"lat\":\"49.60700483779717\",\"lon\":\"7.171370310954045\"},{\"title\":\"Sonne elektrisiert\",\"url\":\"https:\\\/\\\/lehrpfad.umwelt-campus.de\\\/solarstromerzeugung\\\/\",\"lat\":\"49.60776138885158\",\"lon\":\"7.170277411975512\"},{\"title\":\"Sun electrifies\",\"url\":\"https:\\\/\\\/lehrpfad.umwelt-campus.de\\\/en\\\/sun-electrifi-es\\\/\",\"lat\":\"49.60776138885158\",\"lon\":\"7.170277411975512\"},{\"title\":\"Wildnis-Werkstatt-Garten\",\"url\":\"https:\\\/\\\/lehrpfad.umwelt-campus.de\\\/campusgarten\\\/\",\"lat\":\"49.609645275756264\",\"lon\":\"7.168987580774521\"},{\"title\":\"Wilderness Workshop Garden\",\"url\":\"https:\\\/\\\/lehrpfad.umwelt-campus.de\\\/en\\\/wilderness-workshop-garden\\\/\",\"lat\":\"49.609645275756264\",\"lon\":\"7.168987580774521\"},{\"title\":\"Die Welt im richtigen Licht\",\"url\":\"https:\\\/\\\/lehrpfad.umwelt-campus.de\\\/beleuchtung\\\/\",\"lat\":\"49.60928221690439\",\"lon\":\"7.167980099999982\"},{\"title\":\"The world in the right light\",\"url\":\"https:\\\/\\\/lehrpfad.umwelt-campus.de\\\/en\\\/the-world-in-the-right-light\\\/\",\"lat\":\"49.60928221690439\",\"lon\":\"7.167980099999982\"},{\"title\":\"Blumenwiese\",\"url\":\"https:\\\/\\\/lehrpfad.umwelt-campus.de\\\/blumenwiese\\\/\",\"lat\":\"49.60874397249101\",\"lon\":\"7.168729944254955\"},{\"title\":\"Meadow of flowers\",\"url\":\"https:\\\/\\\/lehrpfad.umwelt-campus.de\\\/en\\\/meadow-of-flowers\\\/\",\"lat\":\"49.60874397249101\",\"lon\":\"7.168729944254955\"},{\"title\":\"Zweiachsig nachgef\\u00fchrte Photovoltaikanlage\",\"url\":\"https:\\\/\\\/lehrpfad.umwelt-campus.de\\\/zweiachsig-nachgefuehrte-solaranlage\\\/\",\"lat\":\"49.60935339203495\",\"lon\":\"7.1670544088773696\"},{\"title\":\"Two-axis tracking photovoltaic system\",\"url\":\"https:\\\/\\\/lehrpfad.umwelt-campus.de\\\/en\\\/two-axis-tracking-photovoltaic-system\\\/\",\"lat\":\"49.60935339203495\",\"lon\":\"7.1670544088773696\"},{\"title\":\"Nisthilfen\",\"url\":\"https:\\\/\\\/lehrpfad.umwelt-campus.de\\\/nisthilfen\\\/\",\"lat\":\"49.609226598886345\",\"lon\":\"7.168639923385693\"},{\"title\":\"Nesting aids\",\"url\":\"https:\\\/\\\/lehrpfad.umwelt-campus.de\\\/en\\\/nesting-aids\\\/\",\"lat\":\"49.609226598886345\",\"lon\":\"7.168639923385693\"},{\"title\":\"Intelligent gel\\u00fcftet\",\"url\":\"https:\\\/\\\/lehrpfad.umwelt-campus.de\\\/lueftungstechnik\\\/\",\"lat\":\"49.60782917534264\",\"lon\":\"7.168615783502351\"},{\"title\":\"Intelligently ventilated\",\"url\":\"https:\\\/\\\/lehrpfad.umwelt-campus.de\\\/en\\\/intelligently-ventilated\\\/\",\"lat\":\"49.60782917534264\",\"lon\":\"7.168615783502351\"},{\"title\":\"Multitalent Hecke\",\"url\":\"https:\\\/\\\/lehrpfad.umwelt-campus.de\\\/feldhecke\\\/\",\"lat\":\"49.60956685114868\",\"lon\":\"7.169043413066614\"},{\"title\":\"All-rounder hedge\",\"url\":\"https:\\\/\\\/lehrpfad.umwelt-campus.de\\\/en\\\/all-rounder-hedge\\\/\",\"lat\":\"49.60956685114868\",\"lon\":\"7.169043413066614\"},{\"title\":\"Umwelt-Campus Birkenfeld\",\"url\":\"https:\\\/\\\/lehrpfad.umwelt-campus.de\\\/ucb\\\/\",\"lat\":\"49.607671546248255\",\"lon\":\"7.16898241091688\"},{\"title\":\"Environmental Campus Birkenfeld\",\"url\":\"https:\\\/\\\/lehrpfad.umwelt-campus.de\\\/en\\\/environmental-campus-birkenfeld\\\/\",\"lat\":\"49.607671546248255\",\"lon\":\"7.16898241091688\"}];\n        nearby.forEach(function (loc) {\n            L.marker([loc.lat, loc.lon], { icon: nearbyIcon }).addTo(map)\n                .bindPopup('<a href=\"' + loc.url + '\">' + loc.title + '<\/a>');\n        });\n    });\n    <\/script>\n    \n\n\n\n<p><\/p>\n","protected":false},"excerpt":{"rendered":"<p>There is no waste in the forest ecosystem Everything is recycled. When wood dies, it becomes the basis for new [&hellip;]<\/p>\n","protected":false},"author":1,"featured_media":577,"parent":0,"menu_order":0,"comment_status":"closed","ping_status":"closed","template":"","meta":{"_acf_changed":false,"_uag_custom_page_level_css":"","site-sidebar-layout":"default","site-content-layout":"","ast-site-content-layout":"default","site-content-style":"default","site-sidebar-style":"default","ast-global-header-display":"","ast-banner-title-visibility":"","ast-main-header-display":"","ast-hfb-above-header-display":"","ast-hfb-below-header-display":"","ast-hfb-mobile-header-display":"","site-post-title":"","ast-breadcrumbs-content":"","ast-featured-img":"disabled","footer-sml-layout":"","ast-disable-related-posts":"","theme-transparent-header-meta":"","adv-header-id-meta":"","stick-header-meta":"","header-above-stick-meta":"","header-main-stick-meta":"","header-below-stick-meta":"","astra-migrate-meta-layouts":"default","ast-page-background-enabled":"default","ast-page-background-meta":{"desktop":{"background-color":"var(--ast-global-color-4)","background-image":"","background-repeat":"repeat","background-position":"center center","background-size":"auto","background-attachment":"scroll","background-type":"","background-media":"","overlay-type":"","overlay-color":"","overlay-opacity":"","overlay-gradient":""},"tablet":{"background-color":"","background-image":"","background-repeat":"repeat","background-position":"center center","background-size":"auto","background-attachment":"scroll","background-type":"","background-media":"","overlay-type":"","overlay-color":"","overlay-opacity":"","overlay-gradient":""},"mobile":{"background-color":"","background-image":"","background-repeat":"repeat","background-position":"center center","background-size":"auto","background-attachment":"scroll","background-type":"","background-media":"","overlay-type":"","overlay-color":"","overlay-opacity":"","overlay-gradient":""}},"ast-content-background-meta":{"desktop":{"background-color":"var(--ast-global-color-5)","background-image":"","background-repeat":"repeat","background-position":"center center","background-size":"auto","background-attachment":"scroll","background-type":"","background-media":"","overlay-type":"","overlay-color":"","overlay-opacity":"","overlay-gradient":""},"tablet":{"background-color":"var(--ast-global-color-5)","background-image":"","background-repeat":"repeat","background-position":"center center","background-size":"auto","background-attachment":"scroll","background-type":"","background-media":"","overlay-type":"","overlay-color":"","overlay-opacity":"","overlay-gradient":""},"mobile":{"background-color":"var(--ast-global-color-5)","background-image":"","background-repeat":"repeat","background-position":"center center","background-size":"auto","background-attachment":"scroll","background-type":"","background-media":"","overlay-type":"","overlay-color":"","overlay-opacity":"","overlay-gradient":""}},"footnotes":""},"class_list":["post-924","page","type-page","status-publish","has-post-thumbnail","hentry"],"acf":[],"uagb_featured_image_src":{"full":["https:\/\/lehrpfad.umwelt-campus.de\/wp-content\/uploads\/2025\/07\/224.webp",1500,845,false],"thumbnail":["https:\/\/lehrpfad.umwelt-campus.de\/wp-content\/uploads\/2025\/07\/224-150x150.webp",150,150,true],"medium":["https:\/\/lehrpfad.umwelt-campus.de\/wp-content\/uploads\/2025\/07\/224-300x169.webp",300,169,true],"medium_large":["https:\/\/lehrpfad.umwelt-campus.de\/wp-content\/uploads\/2025\/07\/224-768x433.webp",768,433,true],"large":["https:\/\/lehrpfad.umwelt-campus.de\/wp-content\/uploads\/2025\/07\/224-1024x577.webp",1024,577,true],"1536x1536":["https:\/\/lehrpfad.umwelt-campus.de\/wp-content\/uploads\/2025\/07\/224.webp",1500,845,false],"2048x2048":["https:\/\/lehrpfad.umwelt-campus.de\/wp-content\/uploads\/2025\/07\/224.webp",1500,845,false]},"uagb_author_info":{"display_name":"wplpadmin","author_link":"https:\/\/lehrpfad.umwelt-campus.de\/en\/author\/wplpadmin\/"},"uagb_comment_info":0,"uagb_excerpt":"There is no waste in the forest ecosystem Everything is recycled. When wood dies, it becomes the basis for new [&hellip;]","_links":{"self":[{"href":"https:\/\/lehrpfad.umwelt-campus.de\/en\/wp-json\/wp\/v2\/pages\/924","targetHints":{"allow":["GET"]}}],"collection":[{"href":"https:\/\/lehrpfad.umwelt-campus.de\/en\/wp-json\/wp\/v2\/pages"}],"about":[{"href":"https:\/\/lehrpfad.umwelt-campus.de\/en\/wp-json\/wp\/v2\/types\/page"}],"author":[{"embeddable":true,"href":"https:\/\/lehrpfad.umwelt-campus.de\/en\/wp-json\/wp\/v2\/users\/1"}],"replies":[{"embeddable":true,"href":"https:\/\/lehrpfad.umwelt-campus.de\/en\/wp-json\/wp\/v2\/comments?post=924"}],"version-history":[{"count":10,"href":"https:\/\/lehrpfad.umwelt-campus.de\/en\/wp-json\/wp\/v2\/pages\/924\/revisions"}],"predecessor-version":[{"id":1267,"href":"https:\/\/lehrpfad.umwelt-campus.de\/en\/wp-json\/wp\/v2\/pages\/924\/revisions\/1267"}],"wp:featuredmedia":[{"embeddable":true,"href":"https:\/\/lehrpfad.umwelt-campus.de\/en\/wp-json\/wp\/v2\/media\/577"}],"wp:attachment":[{"href":"https:\/\/lehrpfad.umwelt-campus.de\/en\/wp-json\/wp\/v2\/media?parent=924"}],"curies":[{"name":"wp","href":"https:\/\/api.w.org\/{rel}","templated":true}]}}